{"id":393,"date":"2019-10-01T21:31:31","date_gmt":"2019-10-01T21:31:31","guid":{"rendered":"https:\/\/www.fsai.ch\/mitglied-werden\/"},"modified":"2019-10-16T18:28:42","modified_gmt":"2019-10-16T18:28:42","slug":"mitglied-werden","status":"publish","type":"page","link":"https:\/\/www.fsai.ch\/fr\/mitglied-werden\/","title":{"rendered":"Mitglied werden"},"content":{"rendered":"<h2>\n\t\tFR Mitglied werden\n\t<\/h2>\n\t<p>Der FSAI ist offen fu\u0308r neue Mitglieder. Seit seiner Gr\u00fcndung vor 75 Jahren vertritt er die Interessen selbst\u00e4ndig erwerbender Architekten. Er ist der einzige patronale Berufsverband der Schweiz, der sich in den Bereichen Professionalit\u00e4t und Ethik exklusiv f\u00fcr freie Architekten engagiert. Das gestaltende Element des Architekten im kulturellen, sozialen sowie im wirtschaftlichen Bereich der Gesellschaft steht dabei im Vordergrund. Der FSAI f\u00f6rdert und unterst\u00fctzt seine Mitglieder durch \u00d6ffentlichkeitsarbeit auf allen Ebenen des Verbandes. Die Mitglieder des FSAI sind in wichtigen Kommissionen vertreten und bilden ein attraktives Netzwerk von qualifizierten Berufsleuten.<\/p>\n<p>Der FSAI organisiert regelm\u00e4ssig Veranstaltungen, die den praxisbezogenen Erfahrungsaustausch f\u00f6rdern. Wir helfen einander im Berufsalltag und leben die Berufung zum Architekten grunds\u00e4tzlich ideell sowie materiell unabh\u00e4ngig. Eine kooperative, respektvolle Zusammenarbeit mit allen am Bauprozess Beteiligten ist stets unser Ziel.<\/p>\n<p>F\u00fcr eine Mitgliedschaft im FSAI m\u00fcssen Sie folgende Bedingungen erf\u00fcllen: Sie sind im schweizerischen Register REG A eingetragen und verf\u00fcgen \u00fcber einen Hochschulabschluss oder eine gleichwertige Qualifikation. Ausserdem sind Sie mindestens 2 Jahre selbst\u00e4ndig als ArchitektIn t\u00e4tig und haben Ihre Fachkompetenz im Berufsalltag unter Beweis gestellt.<\/p>\n","protected":false},"excerpt":{"rendered":"<p>FR Mitglied werden<\/p>\n<p>Der FSAI ist offen fu\u0308r neue Mitglieder. Seit seiner Gr\u00fcndung vor 75 Jahren vertritt er die Interessen selbst\u00e4ndig erwerbender <\/p>\n<p> <a class=\"fl-post-grid-more\" href=\"https:\/\/www.fsai.ch\/fr\/mitglied-werden\/\" title=\"Mitglied werden\">weiter lesen<\/a><\/p>\n","protected":false},"author":1,"featured_media":0,"parent":0,"menu_order":0,"comment_status":"closed","ping_status":"closed","template":"","meta":{"footnotes":""},"class_list":["post-393","page","type-page","status-publish","hentry"],"yoast_head":"<!-- This site is optimized with the Yoast SEO plugin v23.4 - https:\/\/yoast.com\/wordpress\/plugins\/seo\/ -->\n<title>Mitglied werden - fsai - Verband freierwerbender Schweizer Architekten<\/title>\n<meta name=\"robots\" content=\"index, follow, max-snippet:-1, max-image-preview:large, max-video-preview:-1\" \/>\n<link rel=\"canonical\" href=\"https:\/\/www.fsai.ch\/fr\/mitglied-werden\/\" \/>\n<meta property=\"og:locale\" content=\"fr_FR\" \/>\n<meta property=\"og:type\" content=\"article\" \/>\n<meta property=\"og:title\" content=\"Mitglied werden - fsai - Verband freierwerbender Schweizer Architekten\" \/>\n<meta property=\"og:description\" content=\"FR Mitglied werden  Der FSAI ist offen fu\u0308r neue Mitglieder. Seit seiner Gr\u00fcndung vor 75 Jahren vertritt er die Interessen selbst\u00e4ndig erwerbender weiter lesen\" \/>\n<meta property=\"og:url\" content=\"https:\/\/www.fsai.ch\/fr\/mitglied-werden\/\" \/>\n<meta property=\"og:site_name\" content=\"fsai - Verband freierwerbender Schweizer Architekten\" \/>\n<meta property=\"article:modified_time\" content=\"2019-10-16T18:28:42+00:00\" \/>\n<meta name=\"twitter:card\" content=\"summary_large_image\" \/>\n<meta name=\"twitter:label1\" content=\"Dur\u00e9e de lecture estim\u00e9e\" \/>\n\t<meta name=\"twitter:data1\" content=\"1 minute\" \/>\n<script type=\"application\/ld+json\" class=\"yoast-schema-graph\">{\"@context\":\"https:\/\/schema.org\",\"@graph\":[{\"@type\":\"WebPage\",\"@id\":\"https:\/\/www.fsai.ch\/fr\/mitglied-werden\/\",\"url\":\"https:\/\/www.fsai.ch\/fr\/mitglied-werden\/\",\"name\":\"Mitglied werden - fsai - Verband freierwerbender Schweizer Architekten\",\"isPartOf\":{\"@id\":\"https:\/\/www.fsai.ch\/#website\"},\"datePublished\":\"2019-10-01T21:31:31+00:00\",\"dateModified\":\"2019-10-16T18:28:42+00:00\",\"breadcrumb\":{\"@id\":\"https:\/\/www.fsai.ch\/fr\/mitglied-werden\/#breadcrumb\"},\"inLanguage\":\"fr-FR\",\"potentialAction\":[{\"@type\":\"ReadAction\",\"target\":[\"https:\/\/www.fsai.ch\/fr\/mitglied-werden\/\"]}]},{\"@type\":\"BreadcrumbList\",\"@id\":\"https:\/\/www.fsai.ch\/fr\/mitglied-werden\/#breadcrumb\",\"itemListElement\":[{\"@type\":\"ListItem\",\"position\":1,\"name\":\"Startseite\",\"item\":\"https:\/\/www.fsai.ch\/fr\/\"},{\"@type\":\"ListItem\",\"position\":2,\"name\":\"Mitglied werden\"}]},{\"@type\":\"WebSite\",\"@id\":\"https:\/\/www.fsai.ch\/#website\",\"url\":\"https:\/\/www.fsai.ch\/\",\"name\":\"fsai - Verband freierwerbender Schweizer Architekten\",\"description\":\"\",\"publisher\":{\"@id\":\"https:\/\/www.fsai.ch\/#organization\"},\"potentialAction\":[{\"@type\":\"SearchAction\",\"target\":{\"@type\":\"EntryPoint\",\"urlTemplate\":\"https:\/\/www.fsai.ch\/?s={search_term_string}\"},\"query-input\":{\"@type\":\"PropertyValueSpecification\",\"valueRequired\":true,\"valueName\":\"search_term_string\"}}],\"inLanguage\":\"fr-FR\"},{\"@type\":\"Organization\",\"@id\":\"https:\/\/www.fsai.ch\/#organization\",\"name\":\"FSAI \u2013 Verband freierwerbender Schweizer Architekten\",\"url\":\"https:\/\/www.fsai.ch\/\",\"logo\":{\"@type\":\"ImageObject\",\"inLanguage\":\"fr-FR\",\"@id\":\"https:\/\/www.fsai.ch\/#\/schema\/logo\/image\/\",\"url\":\"https:\/\/www.fsai.ch\/wp-content\/uploads\/2019\/09\/logo-schwarz.png\",\"contentUrl\":\"https:\/\/www.fsai.ch\/wp-content\/uploads\/2019\/09\/logo-schwarz.png\",\"width\":450,\"height\":100,\"caption\":\"FSAI \u2013 Verband freierwerbender Schweizer Architekten\"},\"image\":{\"@id\":\"https:\/\/www.fsai.ch\/#\/schema\/logo\/image\/\"}}]}<\/script>\n<!-- \/ Yoast SEO plugin. -->","yoast_head_json":{"title":"Mitglied werden - fsai - Verband freierwerbender Schweizer Architekten","robots":{"index":"index","follow":"follow","max-snippet":"max-snippet:-1","max-image-preview":"max-image-preview:large","max-video-preview":"max-video-preview:-1"},"canonical":"https:\/\/www.fsai.ch\/fr\/mitglied-werden\/","og_locale":"fr_FR","og_type":"article","og_title":"Mitglied werden - fsai - Verband freierwerbender Schweizer Architekten","og_description":"FR Mitglied werden  Der FSAI ist offen fu\u0308r neue Mitglieder. Seit seiner Gr\u00fcndung vor 75 Jahren vertritt er die Interessen selbst\u00e4ndig erwerbender weiter lesen","og_url":"https:\/\/www.fsai.ch\/fr\/mitglied-werden\/","og_site_name":"fsai - Verband freierwerbender Schweizer Architekten","article_modified_time":"2019-10-16T18:28:42+00:00","twitter_card":"summary_large_image","twitter_misc":{"Dur\u00e9e de lecture estim\u00e9e":"1 minute"},"schema":{"@context":"https:\/\/schema.org","@graph":[{"@type":"WebPage","@id":"https:\/\/www.fsai.ch\/fr\/mitglied-werden\/","url":"https:\/\/www.fsai.ch\/fr\/mitglied-werden\/","name":"Mitglied werden - fsai - Verband freierwerbender Schweizer Architekten","isPartOf":{"@id":"https:\/\/www.fsai.ch\/#website"},"datePublished":"2019-10-01T21:31:31+00:00","dateModified":"2019-10-16T18:28:42+00:00","breadcrumb":{"@id":"https:\/\/www.fsai.ch\/fr\/mitglied-werden\/#breadcrumb"},"inLanguage":"fr-FR","potentialAction":[{"@type":"ReadAction","target":["https:\/\/www.fsai.ch\/fr\/mitglied-werden\/"]}]},{"@type":"BreadcrumbList","@id":"https:\/\/www.fsai.ch\/fr\/mitglied-werden\/#breadcrumb","itemListElement":[{"@type":"ListItem","position":1,"name":"Startseite","item":"https:\/\/www.fsai.ch\/fr\/"},{"@type":"ListItem","position":2,"name":"Mitglied werden"}]},{"@type":"WebSite","@id":"https:\/\/www.fsai.ch\/#website","url":"https:\/\/www.fsai.ch\/","name":"fsai - Verband freierwerbender Schweizer Architekten","description":"","publisher":{"@id":"https:\/\/www.fsai.ch\/#organization"},"potentialAction":[{"@type":"SearchAction","target":{"@type":"EntryPoint","urlTemplate":"https:\/\/www.fsai.ch\/?s={search_term_string}"},"query-input":{"@type":"PropertyValueSpecification","valueRequired":true,"valueName":"search_term_string"}}],"inLanguage":"fr-FR"},{"@type":"Organization","@id":"https:\/\/www.fsai.ch\/#organization","name":"FSAI \u2013 Verband freierwerbender Schweizer Architekten","url":"https:\/\/www.fsai.ch\/","logo":{"@type":"ImageObject","inLanguage":"fr-FR","@id":"https:\/\/www.fsai.ch\/#\/schema\/logo\/image\/","url":"https:\/\/www.fsai.ch\/wp-content\/uploads\/2019\/09\/logo-schwarz.png","contentUrl":"https:\/\/www.fsai.ch\/wp-content\/uploads\/2019\/09\/logo-schwarz.png","width":450,"height":100,"caption":"FSAI \u2013 Verband freierwerbender Schweizer Architekten"},"image":{"@id":"https:\/\/www.fsai.ch\/#\/schema\/logo\/image\/"}}]}},"_links":{"self":[{"href":"https:\/\/www.fsai.ch\/fr\/wp-json\/wp\/v2\/pages\/393"}],"collection":[{"href":"https:\/\/www.fsai.ch\/fr\/wp-json\/wp\/v2\/pages"}],"about":[{"href":"https:\/\/www.fsai.ch\/fr\/wp-json\/wp\/v2\/types\/page"}],"author":[{"embeddable":true,"href":"https:\/\/www.fsai.ch\/fr\/wp-json\/wp\/v2\/users\/1"}],"replies":[{"embeddable":true,"href":"https:\/\/www.fsai.ch\/fr\/wp-json\/wp\/v2\/comments?post=393"}],"version-history":[{"count":2,"href":"https:\/\/www.fsai.ch\/fr\/wp-json\/wp\/v2\/pages\/393\/revisions"}],"predecessor-version":[{"id":395,"href":"https:\/\/www.fsai.ch\/fr\/wp-json\/wp\/v2\/pages\/393\/revisions\/395"}],"wp:attachment":[{"href":"https:\/\/www.fsai.ch\/fr\/wp-json\/wp\/v2\/media?parent=393"}],"curies":[{"name":"wp","href":"https:\/\/api.w.org\/{rel}","templated":true}]}}